{"id":305,"date":"2023-01-16T23:37:56","date_gmt":"2023-01-16T23:37:56","guid":{"rendered":"https:\/\/esbiomech.org\/conference\/esb2023\/?page_id=305"},"modified":"2023-05-09T11:20:03","modified_gmt":"2023-05-09T10:20:03","slug":"scientific-committee","status":"publish","type":"page","link":"https:\/\/esbiomech.org\/conference\/esb2023\/welcome-to-esbiomech28-maastricht\/scientific-committee\/","title":{"rendered":"Scientific Committee"},"content":{"rendered":"\n<figure class=\"wp-block-table\"><table><tbody><tr><td><strong>Member<\/strong><\/td><td><strong>Affiliation<\/strong><\/td><\/tr><tr><td>Jean-Marc Allain<\/td><td>\u00c9cole Polytechnique, Palaiseau, France<\/td><\/tr><tr><td>St\u00e9phane Avril<\/td><td>ENS des Mines de Saint-\u00c9tienne, France<\/td><\/tr><tr><td>Fabio Augusto Barbieri<\/td><td>Sao Paulo State University, Brazil<\/td><\/tr><tr><td>Sam Bayat<\/td><td>University Hospital Grenoble, France<\/td><\/tr><tr><td>Christoph Bourauel<\/td><td>University of Bonn, Germany<\/td><\/tr><tr><td>Philippe Buechler<\/td><td>University of Bern, Switzerland<\/td><\/tr><tr><td>Aur\u00e9lie Carlier<\/td><td>Maastricht University, The Netherlands<\/td><\/tr><tr><td>Sara Checa<\/td><td>Charit\u00e9 Berlin, Germany<\/td><\/tr><tr><td>Floren Colloud<\/td><td>Arts et M\u00e9tiers Institute of Technologie, Paris, France<\/td><\/tr><tr><td>Michele Conti<\/td><td>University of Pavia, Italy<\/td><\/tr><tr><td>Luca Cristofolini<\/td><td>University of Bologna, Italy<\/td><\/tr><tr><td>Christian J. Cyron<\/td><td>Hamburg University of Technology, Germany<\/td><\/tr><tr><td>Enrico Dall\u2019Ara<\/td><td>University of Sheffield, UK<\/td><\/tr><tr><td>Tien Tuan Dao<\/td><td>\u00c9cole Centrale de Lille, France<\/td><\/tr><tr><td>Migueal Dias Castilho<\/td><td>Eindhoven University of Technology, The Netherlands<\/td><\/tr><tr><td>Gabriele Dubini<\/td><td>Politecnico di Milano, Italy<\/td><\/tr><tr><td>Nele Famaey<\/td><td>KU Leuven, Belgium<\/td><\/tr><tr><td>Stephen Ferguson<\/td><td>ETH Zurich, Switzerland<\/td><\/tr><tr><td>Paulo R. Fernandes<\/td><td>Instituto Superior T\u00e9cnico, University of Lisbon, Portugal<\/td><\/tr><tr><td>Alejandro Frangi<\/td><td>University of Leeds, UK<\/td><\/tr><tr><td>Jos\u00e9 Manuel Garc\u00eda Aznar<\/td><td>University of Zaragoza, Spain<\/td><\/tr><tr><td>Debby Gawlitta<\/td><td>UMC Utrecht, The Netherlands<\/td><\/tr><tr><td>Amit Gefen<\/td><td>Tel Aviv University, Israel<\/td><\/tr><tr><td>Margit Gf\u00f6hler<\/td><td>Vienna University of Technology, Austria<\/td><\/tr><tr><td>Richie Gill<\/td><td>University of Bath, UK<\/td><\/tr><tr><td>Maria Jos\u00e9 G\u00f3mez-Benito<\/td><td>University of Zaragoza, Spain<\/td><\/tr><tr><td>Ridha Hambli<\/td><td>University of Orl\u00e9ans, France<\/td><\/tr><tr><td>Christian Hellmich<\/td><td>TU Vienna, Austria<\/td><\/tr><tr><td>Bernardo Innocenti<\/td><td>Universit\u00e9 Libre de Bruxelles, Belgium<\/td><\/tr><tr><td>Dennis Janssen<\/td><td>Orthopaedic Research Laboratory, The Netherlands<\/td><\/tr><tr><td>Ilse Jonkers<\/td><td>KU Leuven, Belgium<\/td><\/tr><tr><td>Renato Natal Jorge<\/td><td>Faculty of Engineering of the University of Porto, Portugal<\/td><\/tr><tr><td>Leo Joskowicz<\/td><td>Hebrew University of Jerusalem, Israel<\/td><\/tr><tr><td>Hans Kainz<\/td><td>University of Vienna, Austria<\/td><\/tr><tr><td>Greet Kerckhofs<\/td><td>University of Louvain-la-Neuve, Belgium<\/td><\/tr><tr><td>Damien Lacroix<\/td><td>University of Sheffield, UK<\/td><\/tr><tr><td>Sebastian Laporte<\/td><td>ENS d\u2019Arts et M\u00e9tiers, Paris, France<\/td><\/tr><tr><td>Harry Van Lenthe<\/td><td>KU Leuven, Belgium<\/td><\/tr><tr><td>Sandra Loerakker<\/td><td>Eindhoven University of Technology, The Netherlands<\/td><\/tr><tr><td>Richard Lopata<\/td><td>Eindhoven University of Technology, The Netherlands<\/td><\/tr><tr><td>Spyros Masouros<\/td><td>Imperial College London, UK<\/td><\/tr><tr><td>Edoardo Mazza<\/td><td>ETH Zurich, Switzerland<\/td><\/tr><tr><td>Sean Mcginty<\/td><td>University of Glasgow, UK<\/td><\/tr><tr><td>Laoise McNamara<\/td><td>National University of Ireland Galway, Ireland<\/td><\/tr><tr><td>Marl\u00e8ne Mengoni<\/td><td>University of Leeds, UK<\/td><\/tr><tr><td>Francesco Migliavacca<\/td><td>Politecnico di Milano, Italy<\/td><\/tr><tr><td>David Mitton<\/td><td>Universit\u00e9 Gustave Eiffel, Lyon, France<\/td><\/tr><tr><td>Luca Modenese<\/td><td>Imperial College, London, UK<\/td><\/tr><tr><td>J\u00e9r\u00f4me Molimard<\/td><td>ENS des Mines de Saint-\u00c9tienne, France<\/td><\/tr><tr><td>Konstantinos Moustakas<\/td><td>University of Patras, Greece<\/td><\/tr><tr><td>Ralph Mueller<\/td><td>ETH Zurich, Switzerland<\/td><\/tr><tr><td>Annegret Muendermann<\/td><td>University of Basel, Switzerland<\/td><\/tr><tr><td>Kristin M. Myers<\/td><td>Columbia University, USA<\/td><\/tr><tr><td>Pankaj Pankaj<\/td><td>University of Edinburgh, UK<\/td><\/tr><tr><td>Christian Peham<\/td><td>University of Veterinary Medicine Vienna, Austria<\/td><\/tr><tr><td>Mar\u00eda \u00c1ngeles P\u00e9rez Ans\u00f3n<\/td><td>University of Zaragoza, Spain<\/td><\/tr><tr><td>Fran\u00e7oise Peyrin<\/td><td>University of Lyon, France<\/td><\/tr><tr><td>Gwendolen Reilly<\/td><td>University of Sheffield, UK<\/td><\/tr><tr><td>Bert van Rietbergen<\/td><td>Eindhoven University of Technology, The Netherlands<\/td><\/tr><tr><td>Davide Ruffoni<\/td><td>ULi\u00e8ge, Belgium<\/td><\/tr><tr><td>Paulo Rui Fernandes<\/td><td>IST Lisbon, Portugal<\/td><\/tr><tr><td>Benedikt Sagl<\/td><td>Medical University of Vienna, Austria<\/td><\/tr><tr><td>Massimo Sartori<\/td><td>University of Twente, The Netherlands<\/td><\/tr><tr><td>Lennart Scheys<\/td><td>KU Leuven, Belgium<\/td><\/tr><tr><td>Patrick Segers<\/td><td>UGhent, Belgium<\/td><\/tr><tr><td>Alberto Sensini<\/td><td>University of Bologna, Italy<\/td><\/tr><tr><td>Selda Sherifova<\/td><td>Graz University of Technology, Austria<\/td><\/tr><tr><td>Eduardo Soudah<\/td><td>International Center for Numerical Methods in Engineering, Spain<\/td><\/tr><tr><td>Jo\u0103o Manuel R.S. Tavares<\/td><td>Faculty of Engineering of the University of Porto, Portugal<\/td><\/tr><tr><td>Marie-Christine Ho Ba Tho<\/td><td>University of Technology of Compi\u00e8gne, France<\/td><\/tr><tr><td>Philipp Thurner<\/td><td>TU Vienna, Austria<\/td><\/tr><tr><td>Peter Varga<\/td><td>AO Research Institute Davos, Switzerland<\/td><\/tr><tr><td>Antonio Veloso<\/td><td>University of Lisbon, Portugal<\/td><\/tr><tr><td>Claudio Vergari<\/td><td>ENS d\u2019Arts et M\u00e9tiers, Paris, France<\/td><\/tr><tr><td>Marco Viceconti<\/td><td>University of Bologna, Italy<\/td><\/tr><tr><td>Irene Vignon-Clementel<\/td><td>INRIA, France<\/td><\/tr><tr><td>Xuguang Wang<\/td><td>Universit\u00e9 Gustave Eiffel, France<\/td><\/tr><tr><td>Ruth WIlcox<\/td><td>University of Leeds, UK<\/td><\/tr><tr><td>Uwe Wolfram<\/td><td>Heriot Watt University, Edinburgh, UK<\/td><\/tr><tr><td>Xiao Yun Xu<\/td><td>Imperial College, UK<\/td><\/tr><\/tbody><\/table><\/figure>\n\n\n\n<p><\/p>\n","protected":false},"excerpt":{"rendered":"<p>Member Affiliation Jean-Marc Allain \u00c9cole Polytechnique, Palaiseau, France St\u00e9phane Avril ENS des Mines de Saint-\u00c9tienne, France Fabio Augusto Barbieri Sao Paulo State University, Brazil Sam Bayat University Hospital Grenoble, France Christoph Bourauel University of Bonn, Germany Philippe Buechler University of &hellip; <\/p>\n<p><a href=\"https:\/\/esbiomech.org\/conference\/esb2023\/welcome-to-esbiomech28-maastricht\/scientific-committee\/\">Continue reading <span class=\"meta-nav\">&rarr;<\/span><\/a><\/p>\n","protected":false},"author":7,"featured_media":0,"parent":6,"menu_order":20,"comment_status":"closed","ping_status":"closed","template":"","meta":{"footnotes":""},"class_list":["post-305","page","type-page","status-publish","hentry"],"_links":{"self":[{"href":"https:\/\/esbiomech.org\/conference\/esb2023\/wp-json\/wp\/v2\/pages\/305","targetHints":{"allow":["GET"]}}],"collection":[{"href":"https:\/\/esbiomech.org\/conference\/esb2023\/wp-json\/wp\/v2\/pages"}],"about":[{"href":"https:\/\/esbiomech.org\/conference\/esb2023\/wp-json\/wp\/v2\/types\/page"}],"author":[{"embeddable":true,"href":"https:\/\/esbiomech.org\/conference\/esb2023\/wp-json\/wp\/v2\/users\/7"}],"replies":[{"embeddable":true,"href":"https:\/\/esbiomech.org\/conference\/esb2023\/wp-json\/wp\/v2\/comments?post=305"}],"version-history":[{"count":3,"href":"https:\/\/esbiomech.org\/conference\/esb2023\/wp-json\/wp\/v2\/pages\/305\/revisions"}],"predecessor-version":[{"id":375,"href":"https:\/\/esbiomech.org\/conference\/esb2023\/wp-json\/wp\/v2\/pages\/305\/revisions\/375"}],"up":[{"embeddable":true,"href":"https:\/\/esbiomech.org\/conference\/esb2023\/wp-json\/wp\/v2\/pages\/6"}],"wp:attachment":[{"href":"https:\/\/esbiomech.org\/conference\/esb2023\/wp-json\/wp\/v2\/media?parent=305"}],"curies":[{"name":"wp","href":"https:\/\/api.w.org\/{rel}","templated":true}]}}